{"id":23,"date":"2016-07-27T12:58:02","date_gmt":"2016-07-27T10:58:02","guid":{"rendered":"https:\/\/birkenbeul.de\/?page_id=23"},"modified":"2024-08-07T14:00:10","modified_gmt":"2024-08-07T12:00:10","slug":"datenschutz","status":"publish","type":"page","link":"https:\/\/birkenbeul.de\/en\/datenschutz\/","title":{"rendered":"Privacy Policy"},"content":{"rendered":"<div data-elementor-type=\"wp-page\" data-elementor-id=\"23\" class=\"elementor elementor-23\" data-elementor-post-type=\"page\">\n\t\t\t\t\t\t<section class=\"elementor-section elementor-top-section elementor-element elementor-element-76b38d54 elementor-section-boxed elementor-section-height-default elementor-section-height-default qodef-elementor-content-no\" data-id=\"76b38d54\" data-element_type=\"section\" data-e-type=\"section\">\n\t\t\t\t\t\t<div class=\"elementor-container elementor-column-gap-default\">\n\t\t\t\t\t<div class=\"elementor-column elementor-col-100 elementor-top-column elementor-element elementor-element-21fb30bf\" data-id=\"21fb30bf\" data-element_type=\"column\" data-e-type=\"column\">\n\t\t\t<div class=\"elementor-widget-wrap elementor-element-populated\">\n\t\t\t\t\t\t<div class=\"elementor-element elementor-element-2f4dcd5c elementor-widget elementor-widget-text-editor\" data-id=\"2f4dcd5c\" data-element_type=\"widget\" data-e-type=\"widget\" data-widget_type=\"text-editor.default\">\n\t\t\t\t<div class=\"elementor-widget-container\">\n\t\t\t\t\t\t\t\t\t<div id=\"fws_69f7658eb82ce\"  data-column-margin=\"default\" data-midnight=\"dark\"  class=\"wpb_row vc_row-fluid vc_row\"  style=\"padding-top: 0px; padding-bottom: 0px; \"><div class=\"row-bg-wrap\" data-bg-animation=\"none\" data-bg-animation-delay=\"\" data-bg-overlay=\"false\"><div class=\"inner-wrap row-bg-layer\" ><div class=\"row-bg viewport-desktop\"  style=\"\"><\/div><\/div><\/div><div class=\"row_col_wrap_12 col span_12 dark left\">\n\t<div  class=\"vc_col-sm-12 wpb_column column_container vc_column_container col no-extra-padding\"  data-padding-pos=\"all\" data-has-bg-color=\"false\" data-bg-color=\"\" data-bg-opacity=\"1\" data-animation=\"\" data-delay=\"0\" >\n\t\t<div class=\"vc_column-inner\" >\n\t\t\t<div class=\"wpb_wrapper\">\n\t\t\t\t\n<div class=\"wpb_text_column wpb_content_element\" >\n\t<h1>Datenschutzerkl\u00e4rung (Stand: Mai 2018)<\/h1>\n<h3>\u00a7 1 Information \u00fcber die Erhebung personenbezogener Daten<\/h3>\n<p>(1) Im Folgenden informieren wir \u00fcber die Erhebung personenbezogener Daten bei Nutzung unserer Webseite. Personenbezogene Daten sind alle Daten, die auf Sie pers\u00f6nlich beziehbar sind, z.B. Name, Adresse, E-Mail-Adressen, Nutzerverhalten.<\/p>\n<p>(2) Verantwortlicher gem. Art. 4 Ziff. 7 EU- Datenschutz- Grundverordnung (DS-GVO) ist (siehe auch unser Impressum):<\/p>\n<p><strong>R. Birkenbeul GmbH &amp; CO. KG<\/strong><br \/><strong>Auf der Bitze 4<\/strong><br \/><strong>57577 Hamm\/Sieg<\/strong><\/p>\n<p><strong>Telefon: +49 (0) 2682 709 0<\/strong><br \/><strong>Telefax: +49 (0) 2682 709 10<\/strong><br \/><strong>E-Mail: info@birkenbeul.de<\/strong><\/p>\n<p>Unseren Datenschutzbeauftragten Herrn Stefan Krumbhorn erreichen Sie unter<\/p>\n<p><strong>birkenbeul@datenschutz-2k.de oder unserer Postadresse mit dem Zusatz \u201eDer Datenschutzbeauftragte\u201c.<\/strong><\/p>\n<p>(3) Bei Ihrer Kontaktaufnahme mit uns per E-Mail oder \u00fcber unser Kontakt-\/Anfrageformular werden die von Ihnen mitgeteilten Daten (Ihre E-Mail-Adresse, Vorname, Nachname, Anschrift und ggf. Ihre Telefonnummer sowie Firma) von uns gespeichert, um Ihre Fragen zu beantworten. Rechtsgrundlagen sind Art. 6 Abs. 1 S. 1 lit. b) und lit. f) DS-GVO. Die in diesem Zusammenhang anfallenden Daten l\u00f6schen wir, nachdem die Speicherung nicht mehr erforderlich ist, oder schr\u00e4nken die Verarbeitung ein, falls gesetzliche Aufbewahrungspflichten bestehen.<\/p>\n<p>(4) Falls wir f\u00fcr einzelne Funktionen unseres Angebots auf beauftragte Dienstleister zur\u00fcckgreifen oder Ihre Daten f\u00fcr werbliche Zwecke nutzen m\u00f6chten, werden wir Sie untenstehend im Detail \u00fcber die jeweiligen Vorg\u00e4nge informieren. Dabei nennen wir auch die festgelegten Kriterien der Speicherdauer.<\/p>\n<p>(5) Soweit unsere Dienstleister oder Partner ihren Sitz in einem Staat au\u00dferhalb des Europ\u00e4ischen Wirtschaftsraums (EWR) haben, informieren wir Sie \u00fcber die Folgen dieses Umstands im Folgenden ausdr\u00fccklich.<\/p>\n<p>(6) Bitte beachten Sie beim Hochladen von Informationen auf unsere Homepage etwa im Rahmen einer Reparaturanfrage die Rechte Dritter und insbesondere das Datenschutzrecht.<\/p>\n<h3>\u00a7 2 Ihre Rechte<\/h3>\n<p>(1) Sie haben gegen\u00fcber uns folgende Rechte hinsichtlich der Sie betreffenden personenbezogenen Daten:<br \/>\u2014 Recht auf Auskunft,<br \/>\u2014 Recht auf Berichtigung oder L\u00f6schung,<br \/>\u2014 Recht auf Einschr\u00e4nkung der Verarbeitung,<br \/>\u2014 Recht auf Widerspruch gegen die Verarbeitung,<br \/>\u2014 Recht auf Daten\u00fcbertragbarkeit.<\/p>\n<p><strong>Im Einzelnen:<\/strong><\/p>\n<p>Sie k\u00f6nnen jederzeit eine Best\u00e4tigung von uns dar\u00fcber verlangen, ob Sie betreffende personenbezogene Daten verarbeitet werden; ist dies der Fall, so haben Sie ein Recht auf Auskunft \u00fcber diese \u00fcber Sie gespeicherten personenbezogenen Daten. Dazu k\u00f6nnen Sie sich insbesondere per E-Mail an Herrn Stefan Krumbhorn als Datenschutzbeauftragter unter birkenbeul@datenschutz-2k.de wenden.<\/p>\n<p>Au\u00dferdem haben Sie bei Vorliegen der rechtlichen Voraussetzungen die M\u00f6glichkeit zum Widerspruch gegen die Datenverarbeitung: Soweit wir die Verarbeitung Ihrer personenbezogenen Daten auf die Interessenabw\u00e4gung st\u00fctzen, k\u00f6nnen Sie Widerspruch gegen die Verarbeitung einlegen. Dies ist der Fall, wenn die Verarbeitung insbesondere nicht zur Erf\u00fcllung eines Vertrags mit Ihnen erforderlich ist, was von uns jeweils bei der Beschreibung der Funktionen dargestellt wird. Bei Aus\u00fcbung eines solchen Widerspruchs bitten wir um Darlegung der Gr\u00fcnde, weshalb wir Ihre personenbezogenen Daten nicht wie von uns durchgef\u00fchrt verarbeiten sollten. Im Falle Ihres begr\u00fcndeten Widerspruchs pr\u00fcfen wir die Sachlage und werden entweder die Datenverarbeitung einstellen bzw. anpassen oder Ihnen unsere zwingenden schutzw\u00fcrdigen Gr\u00fcnde aufzeigen, aufgrund derer wir die Verarbeitung fortf\u00fchren.<\/p>\n<p>Selbstverst\u00e4ndlich k\u00f6nnen Sie der Verarbeitung Ihrer personenbezogenen Daten f\u00fcr Zwecke der Datenanalyse jederzeit widersprechen. \u00dcber Ihren Widerspruch k\u00f6nnen Sie uns unter folgenden Kontaktdaten informieren: birkenbeul@datenschutz-2k.de.<\/p>\n<p>Falls Sie eine Einwilligung zur Verarbeitung Ihrer Daten erteilt haben, k\u00f6nnen Sie diese jederzeit widerrufen. Ein solcher Widerruf beeinflusst die Zul\u00e4ssigkeit der Verarbeitung Ihrer personenbezogenen Daten, nachdem Sie einen solchen uns gegen\u00fcber ausgesprochen haben.<\/p>\n<p>Au\u00dferdem haben Sie das Recht auf Berichtigung, Einschr\u00e4nkung der Verarbeitung oder L\u00f6schung der von Ihnen erhobenen und verarbeiteten Daten. Unter den Voraussetzungen des Art. 20 der DS-GVO haben Sie au\u00dferdem das Recht auf Daten\u00fcbertragbarkeit, also die Sie betreffenden personenbezogenen Daten, die Sie uns bereitgestellt haben, in einem strukturierten, g\u00e4ngigen und maschinenlesbaren Format zu erhalten, und diese Daten einem anderen Verantwortlichen ohne Behinderung durch uns zu \u00fcbermitteln.<\/p>\n<p>Sofern Sie Ihre datenschutzrechtlichen Anspr\u00fcche geltend machen m\u00f6chten, verwenden Sie bitte unsere Kontaktinformationen aus dem Impressum oder senden Sie eine E-Mail an Herrn Krumbhorn als Datenschutzbeauftragter unter birkenbeul@datenschutz-2k.de<\/p>\n<p>(2) Wenn Sie weitergehende Fragen, Anregungen oder Beschwerden zu unseren Hinweisen zum Datenschutz und zur Verarbeitung Ihrer pers\u00f6nlichen Daten haben, k\u00f6nnen Sie sich direkt an Herrn Krumbhorn als Datenschutzbeauftragter unter birkenbeul@datenschutz-2k.de wenden.<\/p>\n<p>Sie haben au\u00dferdem unbeschadet eines anderweitigen verwaltungsrechtlichen oder gerichtlichen Rechtsbehelfs das Recht auf Beschwerde bei einer (Datenschutz-) Aufsichtsbeh\u00f6rde, insbesondere in dem Mitgliedstaat Ihres Aufenthaltsorts, Ihres Arbeitsplatzes oder des Orts des mutma\u00dflichen Versto\u00dfes, wenn Sie der Ansicht sind, dass die Verarbeitung der Sie betreffenden personenbezogenen Daten gegen deutsches oder europ\u00e4isches Datenschutzrecht verst\u00f6\u00dft.<\/p>\n<h3>\u00a7 3 Erhebung personenbezogener Daten bei Besuch unserer Webseite<\/h3>\n<p>(1) Bei der blo\u00df informatorischen Nutzung der Webseite, also wenn Sie sich nicht registrieren oder uns anderweitig Informationen \u00fcbermitteln, erheben wir nur die personenbezogenen Daten, die Ihr Browser an unseren Server \u00fcbermittelt. Wenn Sie unsere Webseite betrachten m\u00f6chten, erheben wir die folgenden Daten, die f\u00fcr uns technisch erforderlich sind, um Ihnen unsere Webseite anzuzeigen und die Stabilit\u00e4t und Sicherheit zu gew\u00e4hrleisten (Rechtsgrundlage ist Art. 6 Abs. 1 S. 1 lit. f) DS-GVO):<\/p>\n<p>\u2014 IP-Adresse<br \/>\u2014 Datum und Uhrzeit der Anfrage<br \/>\u2014 Zeitzonendifferenz zur Greenwich Mean Time (GMT)<br \/>\u2014 Inhalt der Anforderung (konkrete Seite)<br \/>\u2014 Zugriffsstatus\/HTTP- Statuscode,<br \/>\u2014 Access- und Error- Logs<br \/>\u2014 jeweils \u00fcbertragene Datenmenge<br \/>\u2014 Webseite, von der die Anforderung kommt<br \/>\u2014 Browser<br \/>\u2014 Betriebssystem und dessen Oberfl\u00e4che<br \/>\u2014 Sprache und Version der Browsersoftware.<\/p>\n<p>Die Daten werden anschlie\u00dfend unverz\u00fcglich gel\u00f6scht.<\/p>\n<p>(2) Zus\u00e4tzlich zu den zuvor genannten Daten werden bei Ihrer Nutzung unserer Webseite Cookies auf Ihrem Rechner gespeichert. Bei Cookies handelt es sich um kleine Textdateien, die auf Ihrer Festplatte dem von Ihnen verwendeten Browser zugeordnet gespeichert werden und durch welche der Stelle, die den Cookie setzt (hier durch uns), bestimmte Informationen zuflie\u00dfen. Cookies k\u00f6nnen keine Programme ausf\u00fchren oder Viren auf Ihren Computer \u00fcbertragen. Sie dienen dazu, das Internetangebot insgesamt nutzerfreundlicher und effektiver zu machen.<\/p>\n<p>(3) Einsatz von Cookies:<\/p>\n<p>a) Diese Webseite nutzt folgende Arten von Cookies, deren Umfang und Funktionsweise im Folgenden erl\u00e4utert werden:<br \/>&#8211; Transiente Cookies (dazu b)<br \/>&#8211; Persistente Cookies (dazu c).<\/p>\n<p>b) Transiente Cookies werden automatisiert gel\u00f6scht, wenn Sie den Browser schlie\u00dfen. Dazu z\u00e4hlen insbesondere die Session-Cookies. Diese speichern eine sogenannte Session-ID, mit welcher sich verschiedene Anfragen Ihres Browsers der gemeinsamen Sitzung zuordnen lassen. Dadurch kann Ihr Rechner wiedererkannt werden, wenn Sie auf unsere Webseite zur\u00fcckkehren. Die Session-Cookies werden gel\u00f6scht, wenn Sie sich ausloggen oder den Browser schlie\u00dfen.<\/p>\n<p>c) Persistente Cookies werden automatisiert nach einer vorgegebenen Dauer gel\u00f6scht, die sich je nach Cookie unterscheiden kann. Sie k\u00f6nnen die Cookies in den Sicherheitseinstellungen Ihres Browsers jederzeit l\u00f6schen.<\/p>\n<p>d) Sie k\u00f6nnen Ihre Browser-Einstellung entsprechend Ihren W\u00fcnschen konfigurieren und z.B. die Annahme von Cookies von Drittanabietern (sogenannte Third-Party-Cookies) oder allen Cookies ablehnen. Wir weisen Sie darauf hin, dass Sie dann eventuell nicht alle Funktionen dieser Webseite nutzen k\u00f6nnen.<\/p>\n<p>e) Es werden keine personalisierten Nutzerprofile zum Zwecke der Werbung, z.B. zur gesteuerten Einblendung von Werbung und Wiedererkennung des Nutzers bei erneuten Besuchen oder zur Marktforschung gebildet.<\/p>\n<h3>\u00a7 4 Weitere Funktionen und Angebote unserer Webseite<\/h3>\n<p>(1) Neben der rein informatorischen Nutzung unserer Webseite bieten wir verschiedene Leistungen an, die Sie bei Interesse nutzen k\u00f6nnen. Dazu m\u00fcssen Sie in der Regel weitere personenbezogene Daten angeben, die wir zur Erbringung der jeweiligen Leistung nutzen und f\u00fcr die die zuvor genannten Grunds\u00e4tze zur Datenverarbeitung gelten.<\/p>\n<p>(2) Teilweise bedienen wir uns zur Verarbeitung Ihrer Daten externer Dienstleister. Diese wurden von uns sorgf\u00e4ltig ausgew\u00e4hlt und beauftragt, sind an unsere Weisungen gebunden und werden regelm\u00e4\u00dfig kontrolliert.<\/p>\n<p>(3) Weiterhin k\u00f6nnen wir Ihre personenbezogenen Daten an Dritte weitergeben, wenn Vertragsabschl\u00fcsse oder \u00e4hnliche Leistungen von uns gemeinsam mit Partnern angeboten werden. N\u00e4here Informationen hierzu erhalten Sie bei Angabe Ihrer personenbezogenen Daten oder in der Beschreibung des Angebotes.<\/p>\n<h3>\u00a7 5 Web Analytics, Einsatz von Google Analytics<\/h3>\n<p>(1)&nbsp;<span style=\"background-color: rgb(230, 231, 232); color: var( --e-global-color-text ); font-family: var( --e-global-typography-text-font-family ); font-weight: var( --e-global-typography-text-font-weight );\">1. \u00a7 5 Google Analytics &#8211;&nbsp;<\/span><span style=\"background-color: rgb(230, 231, 232); color: var( --e-global-color-text ); font-family: var( --e-global-typography-text-font-family ); font-weight: var( --e-global-typography-text-font-weight );\">Wenn Sie zugestimmt haben, benutzt diese Webseite Google Analytics.<\/span><\/p>\n<p><span style=\"background-color: rgb(230, 231, 232); color: var( --e-global-color-text ); font-family: var( --e-global-typography-text-font-family ); font-weight: var( --e-global-typography-text-font-weight );\">2. \u00a7 6 Google Web Fonts &#8211;&nbsp;<\/span><span style=\"background-color: rgb(230, 231, 232); color: var( --e-global-color-text ); font-family: var( --e-global-typography-text-font-family ); font-weight: var( --e-global-typography-text-font-weight );\">Wenn Sie zugestimmt haben, benutzt diese Webseite Google Web Fonts.<\/span><\/p>\n<p>Diese Webseite benutzt Google Analytics, einen Webanalysedienst der Google Inc. (\u201eGoogle\u201c). Google Analytics verwendet Cookies die auf Ihrem Computer gespeichert werden und die eine Analyse der Benutzung der Webseite durch Sie erm\u00f6glichen. Die durch den Cookie erzeugten Informationen \u00fcber Ihre Benutzung dieser Webseite werden in der Regel an einen Server von Google in den USA \u00fcbertragen und dort gespeichert. Im Falle der Aktivierung der IP- Anonymisierung auf dieser Webseite, wird Ihre IP-Adresse von Google jedoch innerhalb von Mitgliedstaaten der Europ\u00e4ischen Union oder in anderen Vertragsstaaten des Abkommens \u00fcber den Europ\u00e4ischen Wirtschaftsraum zuvor gek\u00fcrzt. Nur in Ausnahmef\u00e4llen wird die volle IP-Adresse an einen Server von Google in den USA \u00fcbertragen und dort gek\u00fcrzt. Im Auftrag des Betreibers dieser Webseite wird Google diese Informationen benutzen, um Ihre Nutzung der Webseite auszuwerten, um Reports \u00fcber die Webseite-Aktivit\u00e4ten zusammenzustellen und um weitere mit der Webseite-Nutzung und der Internetnutzung verbundene Dienstleistungen gegen\u00fcber dem Webseite-Betreiber zu erbringen.<\/p>\n<p>(2) Die im Rahmen von Google Analytics von Ihrem Browser \u00fcbermittelte IP-Adresse wird nicht mit anderen Daten von Google zusammengef\u00fchrt.<\/p>\n<p>(3) Sie k\u00f6nnen die Speicherung der Cookies durch eine entsprechende Einstellung Ihrer Browser-Software verhindern; wir weisen Sie jedoch darauf hin, dass Sie in diesem Fall gegebenenfalls nicht s\u00e4mtliche Funktionen dieser Webseite vollumf\u00e4nglich werden nutzen k\u00f6nnen. Sie k\u00f6nnen dar\u00fcber hinaus die Erfassung der durch das Cookie erzeugten und auf Ihre Nutzung der Webseite bezogenen Daten (inkl. Ihrer IP-Adresse) an Google sowie die Verarbeitung dieser Daten durch Google verhindern, indem Sie das unter dem folgenden Link verf\u00fcgbare Browser-Plug-in herunterladen und installieren: http:\/\/tools.google.com\/dlpage\/gaoptout?hl=de.<\/p>\n<p>(4) Diese Webseite verwendet Google Analytics mit der Erweiterung \u201e_anonymizeIP()\u201c. Dadurch werden IP-Adressen gek\u00fcrzt weiterverarbeitet, eine Personenbeziehbarkeit kann damit ausgeschlossen werden. Soweit den \u00fcber Sie erhobenen Daten ein Personenbezug zukommt, wird dieser also sofort ausgeschlossen und die personenbezogenen Daten damit umgehend gel\u00f6scht.<\/p>\n<p>(5) Wir nutzen Google Analytics, um die Nutzung unserer Webseite analysieren und regelm\u00e4\u00dfig verbessern zu k\u00f6nnen. Das Analysetool wird von uns selbst betrieben und ausgewertet. \u00dcber die gewonnenen Statistiken k\u00f6nnen wir unser Angebot verbessern und f\u00fcr Sie als Nutzer interessanter ausgestalten. F\u00fcr die Ausnahmef\u00e4lle, in denen personenbezogene Daten in die USA \u00fcbertragen werden, hat sich Google dem EU-US Privacy Shield unterworfen, https:\/\/www.privacyshield.gov\/EU-US-Framework. Rechtsgrundlage f\u00fcr die Nutzung von Google Analytics ist Art. 6 Abs. 1 S. 1 lit. f) DS-GVO.<\/p>\n<p>(6) Informationen des Drittanbieters: Google Dublin, Google Ireland Ltd., Gordon House, Barrow Street, Dublin 4, Ireland, Fax: +353 (1) 436 1001. Nutzerbedingungen: http:\/\/www.google.com\/analytics\/terms\/de.html, \u00dcbersicht zum Datenschutz: http:\/\/www.google.com\/intl\/de\/analytics\/learn\/privacy.html, sowie die Datenschutzerkl\u00e4rung: http:\/\/www.google.de\/intl\/de\/policies\/privacy.<\/p>\n<h3>\u00a7 6 Google Web Fonts<\/h3>\n<p>(1) Auf unserer Webseite sind Webfonts implementiert. Webfonts ist eine Angebot der Google LLC, 1600 Amphitheatre Parkway, Mountain View, CA 94043, USA, mittels dessen eine Darstellung der Schriften von Google m\u00f6glich ist.<\/p>\n<p>(2)&nbsp;<span style=\"color: var( --e-global-color-text ); font-family: var( --e-global-typography-text-font-family ); font-weight: var( --e-global-typography-text-font-weight );\">Durch den Besuch auf der Webseite werden die unter \u00a7 3 Abs. 1 dieser Erkl\u00e4rung genannten Daten an Google in die USA \u00fcbermittelt. Dies ist notwendig, damit auch ihr Browser eine optisch verbesserte Darstellung unserer Texte anzeigen kann. Wenn ihr Browser diese Funktion nicht unterst\u00fctzt, wird eine Standardschrift von ihrem Computer zur Anzeige genutzt.&nbsp;<\/span><\/p>\n<p><span style=\"color: var( --e-global-color-text ); font-family: var( --e-global-typography-text-font-family ); font-weight: var( --e-global-typography-text-font-weight );\">(3) Weitergehende Informationen zu Google Webfonts finden sie unter&nbsp;https:\/\/developers.google.com\/fonts\/faq?hl=de-DE&amp;csw=1. Allgemeine Informationen zum Thema Datenschutz bei Google finden sie unter&nbsp;http:\/\/www.google.com\/intl\/de-DE\/policies\/privacy\/. Google hat sich dem EU-US Privacy Shield unterworfen, https:\/\/www.privacyshield.gov\/EU-US-Framework.<\/span><\/p>\n<h3>\u00a7 7 Einbindung von Google Maps<\/h3>\n<p>(1) Auf unserer Webseite nutzen wir das Angebot von Google Maps. Dadurch k\u00f6nnen wir Ihnen interaktive Karten direkt in der Webseite anzeigen und erm\u00f6glichen Ihnen die komfortable Nutzung der Karten-Funktion.<\/p>\n<p>(2) Durch den Besuch auf der Webseite erh\u00e4lt Google die Information, dass Sie die entsprechende Unterseite unserer Webseite aufgerufen haben. Zudem werden die unter \u00a7 3 Abs. 1 dieser Erkl\u00e4rung genannten Daten \u00fcbermittelt. Dies erfolgt unabh\u00e4ngig davon, ob Google ein Nutzerkonto bereitstellt, \u00fcber das Sie eingeloggt sind, oder ob kein Nutzerkonto besteht. Wenn Sie bei Google eingeloggt sind, werden Ihre Daten direkt Ihrem Konto zugeordnet. Wenn Sie die Zuordnung mit Ihrem Profil bei Google nicht w\u00fcnschen, m\u00fcssen Sie sich vor Aktivierung des Buttons ausloggen. Google speichert Ihre Daten als Nutzungsprofile und nutzt sie f\u00fcr Zwecke der Werbung, Marktforschung und\/oder bedarfsgerechten Gestaltung seiner Webseite. Eine solche Auswertung erfolgt insbesondere (selbst f\u00fcr nicht eingeloggte Nutzer) zur Erbringung von bedarfsgerechter Werbung und um andere Nutzer des sozialen Netzwerks \u00fcber Ihre Aktivit\u00e4ten auf unserer Webseite zu informieren. Ihnen steht ein Widerspruchsrecht zu gegen die Bildung dieser Nutzerprofile, wobei Sie sich zur Aus\u00fcbung dessen an Google richten m\u00fcssen.<\/p>\n<p>(3) Weitere Informationen zu Zweck und Umfang der Datenerhebung und ihrer Verarbeitung durch den Plug-In-Anbieter erhalten Sie in den Datenschutzerkl\u00e4rungen des Anbieters. Dort erhalten Sie auch weitere Informationen zu Ihren diesbez\u00fcglichen Rechten und Einstellungsm\u00f6glichkeiten zum Schutze Ihrer Privatsph\u00e4re: http:\/\/www.google.de\/intl\/de\/policies\/privacy. Google verarbeitet Ihre personenbezogenen Daten auch in den USA und hat sich dem EU-US Privacy Shield unterworfen, https:\/\/www.privacyshield.gov\/EU-US-Framework .<\/p>\n<h3>\u00a7 8 Links<\/h3>\n<p>Sofern wir externe Links nutzen, die innerhalb unserer Webseite angeboten werden, erstreckt sich unsere Datenschutzerkl\u00e4rung nicht auf die unter diesem Link abrufbaren Angebote. Wenn wir Links anbieten, bem\u00fchen wir uns sicherzustellen, dass auch diese unseren Datenschutz- und Sicherheitsstandards entsprechen. Wir haben jedoch keinen Einfluss auf die Einhaltung der Datenschutz- und Sicherheitsbestimmungen durch andere Anbieter. Informieren Sie sich deshalb bitte bei den anderen Anbietern \u00fcber die dort bereitgestellten Datenschutzbestimmungen.<\/p>\n<h3>\u00a7 9 \u00c4nderung unserer Datenschutzbestimmungen<\/h3>\n<p>(1) Wir behalten uns das Recht vor, unsere Sicherheits- und Datenschutzma\u00dfnahmen zu ver\u00e4ndern, soweit dies aufgrund technischer Entwicklungen oder der Ver\u00e4nderung unserer Angebote notwendig wird. In diesen F\u00e4llen werden wir \u2013 soweit erforderlich &#8211; auch unsere Datenschutzerkl\u00e4rung anpassen und Sie hier\u00fcber innerhalb dieser Datenschutzerkl\u00e4rung informieren.<\/p>\n<p>(2) \u00c4nderungen treten mit der Ver\u00f6ffentlichung der \u00fcberarbeiteten Datenschutzerkl\u00e4rung in Kraft. Bitte beachten Sie daher die jeweils aktuelle Version unserer Datenschutzerkl\u00e4rung. Das Datum der letzten \u00dcberarbeitung dieser Datenschutzerkl\u00e4rung finden Sie am Seitenanfang.<\/p>\n<h3>\u00a7 10 Sicherheit<\/h3>\n<p>Wir setzen technische und organisatorische Sicherheitsma\u00dfnahmen ein, um Ihre bei uns gespeicherten Daten gegen Manipulation, Verlust, Zerst\u00f6rung und gegen den Zugriff unberechtigter Personen zu sch\u00fctzen. Unsere Sicherheitsma\u00dfnahmen werden entsprechend der technologischen Entwicklung fortlaufend verbessert.<\/p>\n<\/div>\n\n\n\n\n\t\t\t<\/div> \n\t\t<\/div>\n\t<\/div> \n<\/div><\/div>\t\t\t\t\t\t\t\t<\/div>\n\t\t\t\t<\/div>\n\t\t\t\t\t<\/div>\n\t\t<\/div>\n\t\t\t\t\t<\/div>\n\t\t<\/section>\n\t\t\t\t<\/div>","protected":false},"excerpt":{"rendered":"Datenschutzerkl\u00e4rung (Stand: Mai 2018) \u00a7 1 Information \u00fcber die Erhebung personenbezogener Daten (1) Im Folgenden informieren wir \u00fcber die Erhebung personenbezogener Daten bei Nutzung unserer Webseite. Personenbezogene Daten sind alle [...]","protected":false},"author":1,"featured_media":0,"parent":0,"menu_order":0,"comment_status":"closed","ping_status":"closed","template":"","meta":{"footnotes":""},"class_list":["post-23","page","type-page","status-publish","hentry"],"_links":{"self":[{"href":"https:\/\/birkenbeul.de\/en\/wp-json\/wp\/v2\/pages\/23","targetHints":{"allow":["GET"]}}],"collection":[{"href":"https:\/\/birkenbeul.de\/en\/wp-json\/wp\/v2\/pages"}],"about":[{"href":"https:\/\/birkenbeul.de\/en\/wp-json\/wp\/v2\/types\/page"}],"author":[{"embeddable":true,"href":"https:\/\/birkenbeul.de\/en\/wp-json\/wp\/v2\/users\/1"}],"replies":[{"embeddable":true,"href":"https:\/\/birkenbeul.de\/en\/wp-json\/wp\/v2\/comments?post=23"}],"version-history":[{"count":3,"href":"https:\/\/birkenbeul.de\/en\/wp-json\/wp\/v2\/pages\/23\/revisions"}],"predecessor-version":[{"id":8879,"href":"https:\/\/birkenbeul.de\/en\/wp-json\/wp\/v2\/pages\/23\/revisions\/8879"}],"wp:attachment":[{"href":"https:\/\/birkenbeul.de\/en\/wp-json\/wp\/v2\/media?parent=23"}],"curies":[{"name":"wp","href":"https:\/\/api.w.org\/{rel}","templated":true}]}}