{"id":25,"date":"2016-07-27T12:59:14","date_gmt":"2016-07-27T10:59:14","guid":{"rendered":"https:\/\/birkenbeul.de\/?page_id=25"},"modified":"2017-01-25T07:43:43","modified_gmt":"2017-01-25T06:43:43","slug":"news","status":"publish","type":"page","link":"https:\/\/birkenbeul.de\/en\/news\/","title":{"rendered":"News"},"content":{"rendered":"<div id=\"fws_69dce293592e1\"  data-column-margin=\"default\" data-midnight=\"light\"  class=\"wpb_row vc_row-fluid vc_row full-width-section\"  style=\"padding-top: 90px; padding-bottom: 90px; \"><div class=\"row-bg-wrap\" data-bg-animation=\"none\" data-bg-animation-delay=\"\" data-bg-overlay=\"false\"><div class=\"inner-wrap row-bg-layer using-image\" ><div class=\"row-bg viewport-desktop using-image\"  style=\"background-image: url(https:\/\/birkenbeul.de\/wp-content\/uploads\/2016\/07\/header_service.jpg); background-position: center center; background-repeat: no-repeat; \"><\/div><\/div><\/div><div class=\"row_col_wrap_12 col span_12 light left\">\n\t<div  class=\"vc_col-sm-12 wpb_column column_container vc_column_container col centered-text no-extra-padding\"  data-padding-pos=\"all\" data-has-bg-color=\"false\" data-bg-color=\"\" data-bg-opacity=\"1\" data-animation=\"\" data-delay=\"0\" >\n\t\t<div class=\"vc_column-inner\" >\n\t\t\t<div class=\"wpb_wrapper\">\n\t\t\t\t\n<div class=\"wpb_text_column wpb_content_element \" >\n\t<h1 class=\"main_headline\">NEWS<\/h1>\n<div class=\"divider-wrap\" data-alignment=\"default\"><div style=\"margin-top: 30px; width: 20%; height: 1px; margin-bottom: 30px;\" data-width=\"20%\" data-animate=\"\" data-animation-delay=\"\" data-color=\"default\" class=\"divider-small-border\"><\/div><\/div>\n<p class=\"lead\">Hier informieren wir Sie \u00fcber aktuelle Themen aus der Antriebstechnik und der Elektromotoren-Branche.<\/p>\n<\/div>\n\n\n\n\n\t\t\t<\/div> \n\t\t<\/div>\n\t<\/div> \n<\/div><\/div>\n\t\t<div id=\"fws_69dce2935a193\"  data-column-margin=\"default\" data-midnight=\"dark\"  class=\"wpb_row vc_row-fluid vc_row\"  style=\"padding-top: 90px; padding-bottom: 90px; \"><div class=\"row-bg-wrap\" data-bg-animation=\"none\" data-bg-animation-delay=\"\" data-bg-overlay=\"false\"><div class=\"inner-wrap row-bg-layer\" ><div class=\"row-bg viewport-desktop\"  style=\"\"><\/div><\/div><\/div><div class=\"row_col_wrap_12 col span_12 dark left\">\n\t<div  class=\"vc_col-sm-12 wpb_column column_container vc_column_container col no-extra-padding\"  data-padding-pos=\"all\" data-has-bg-color=\"false\" data-bg-color=\"\" data-bg-opacity=\"1\" data-animation=\"\" data-delay=\"0\" >\n\t\t<div class=\"vc_column-inner\" >\n\t\t\t<div class=\"wpb_wrapper\">\n\t\t\t\t\n<div class=\"row\">\n\n <div class=\"post-area col  span_9    infinite_scroll\" data-ams=\"\" data-remove-post-date=\"\" data-remove-post-author=\"\" data-remove-post-comment-number=\"\" data-remove-post-nectar-love=\"\"> <div class=\"posts-container\" data-load-animation=\"fade_in_from_bottom\">     \n     \n<article id=\"post-8591\" class=\"post-8591 post type-post status-publish format-standard hentry category-stellenangebote\">  \n  \n  <div class=\"inner-wrap animated\">\n    \n    <div class=\"post-content classic\">\n      \n      <div class=\"post-author\">\n\n        <span class=\"meta-author\"> <a href=\"https:\/\/birkenbeul.de\/en\/author\/dorian\/\" title=\"Posts by Dorian Schumacher\" rel=\"author\">Dorian Schumacher<\/a><\/span>\n        \n        <span class=\"meta-category\"><span class=\"in\">In <\/span><a class=\"stellenangebote\" href=\"https:\/\/birkenbeul.de\/en\/category\/stellenangebote\/\">Stellenangebote<\/a><\/span>      <\/div><!--\/post-author-->\n      \n      <div class=\"content-inner\">\n\n        <div class=\"article-content-wrap\">\n          \n          <div class=\"post-header\">\n            \n            <h2 class=\"title\"><a href=\"https:\/\/birkenbeul.de\/en\/industriekaufmann-m-w-d\/\"> Industriekaufmann (m\/w\/d)<\/a><\/h2>\n\n          <\/div><!--\/post-header-->\n          \n          <a href=\"https:\/\/birkenbeul.de\/en\/industriekaufmann-m-w-d\/\"><span class=\"post-featured-img\"><\/span><\/a><div class=\"excerpt\"><p>Ihre Bewerbung senden Sie bitte an:\u00a0 Robert Birkenbeul GmbH &amp; Co. KG Herr Jens Birkenbeul Auf der Bitze 4 57577 Hamm\/Sieg oder:\u00a0 info@birkenbeul.de\u00a0 birkenbeul Seit 1925 ist BIRKENBEUL Spezialist f\u00fcr individuelle L\u00f6sungen auf den Gebieten Elektromaschinenbau und Antriebstechnik. Sollen wir die Tradition gemeinsam fortf\u00fchren? Melden Sie sich an. Das BIRKENBEUL-Team steht Ihnen gerne zur Verf\u00fcgung. [&hellip;]<\/p>\n<\/div><a class=\"more-link\" href=\"https:\/\/birkenbeul.de\/en\/industriekaufmann-m-w-d\/\"><span class=\"continue-reading\">Read More<\/span><\/a>          \n        <\/div><!--article-content-wrap-->\n        \n      <\/div><!--content-inner-->\n      \n    <\/div><!--\/post-content-->\n    \n  <\/div><!--\/inner-wrap-->\n  \n<\/article>     \n     \n<article id=\"post-7380\" class=\"post-7380 post type-post status-publish format-standard hentry category-stellenangebote\">  \n  \n  <div class=\"inner-wrap animated\">\n    \n    <div class=\"post-content classic\">\n      \n      <div class=\"post-author\">\n\n        <span class=\"meta-author\"> <a href=\"https:\/\/birkenbeul.de\/en\/author\/dorian\/\" title=\"Posts by Dorian Schumacher\" rel=\"author\">Dorian Schumacher<\/a><\/span>\n        \n        <span class=\"meta-category\"><span class=\"in\">In <\/span><a class=\"stellenangebote\" href=\"https:\/\/birkenbeul.de\/en\/category\/stellenangebote\/\">Stellenangebote<\/a><\/span>      <\/div><!--\/post-author-->\n      \n      <div class=\"content-inner\">\n\n        <div class=\"article-content-wrap\">\n          \n          <div class=\"post-header\">\n            \n            <h2 class=\"title\"><a href=\"https:\/\/birkenbeul.de\/en\/cnc-dreher\/\"> Zerspanungsmechaniker (m\/w\/d) mit CNC Erfahrung<\/a><\/h2>\n\n          <\/div><!--\/post-header-->\n          \n          <a href=\"https:\/\/birkenbeul.de\/en\/cnc-dreher\/\"><span class=\"post-featured-img\"><\/span><\/a><div class=\"excerpt\"><p>Ihre Bewerbung senden Sie bitte an:\u00a0 Robert Birkenbeul GmbH &amp; Co. KG Herr Jens Birkenbeul Auf der Bitze 4 57577 Hamm\/Sieg oder:\u00a0 info@birkenbeul.de\u00a0 birkenbeul Seit 1925 ist BIRKENBEUL Spezialist f\u00fcr individuelle L\u00f6sungen auf den Gebieten Elektromaschinenbau und Antriebstechnik. Sollen wir die Tradition gemeinsam fortf\u00fchren? Melden Sie sich an. Das BIRKENBEUL-Team steht Ihnen gerne zur Verf\u00fcgung. [&hellip;]<\/p>\n<\/div><a class=\"more-link\" href=\"https:\/\/birkenbeul.de\/en\/cnc-dreher\/\"><span class=\"continue-reading\">Read More<\/span><\/a>          \n        <\/div><!--article-content-wrap-->\n        \n      <\/div><!--content-inner-->\n      \n    <\/div><!--\/post-content-->\n    \n  <\/div><!--\/inner-wrap-->\n  \n<\/article>     \n     \n<article id=\"post-6892\" class=\"post-6892 post type-post status-publish format-standard hentry category-stellenangebote\">  \n  \n  <div class=\"inner-wrap animated\">\n    \n    <div class=\"post-content classic\">\n      \n      <div class=\"post-author\">\n\n        <span class=\"meta-author\"> <a href=\"https:\/\/birkenbeul.de\/en\/author\/dorian\/\" title=\"Posts by Dorian Schumacher\" rel=\"author\">Dorian Schumacher<\/a><\/span>\n        \n        <span class=\"meta-category\"><span class=\"in\">In <\/span><a class=\"stellenangebote\" href=\"https:\/\/birkenbeul.de\/en\/category\/stellenangebote\/\">Stellenangebote<\/a><\/span>      <\/div><!--\/post-author-->\n      \n      <div class=\"content-inner\">\n\n        <div class=\"article-content-wrap\">\n          \n          <div class=\"post-header\">\n            \n            <h2 class=\"title\"><a href=\"https:\/\/birkenbeul.de\/en\/auszubildende-ihk-hwk-im-kaufmaennischen-und-gewerblichen-bereich\/\"> Auszubildende (HWK) (m\/w\/d) im gewerblichen Bereich als Elektroniker in Maschinen und Antriebstechnik<\/a><\/h2>\n\n          <\/div><!--\/post-header-->\n          \n          <a href=\"https:\/\/birkenbeul.de\/en\/auszubildende-ihk-hwk-im-kaufmaennischen-und-gewerblichen-bereich\/\"><span class=\"post-featured-img\"><\/span><\/a><div class=\"excerpt\"><p>Ihre Bewerbung senden Sie bitte an:\u00a0 Robert Birkenbeul GmbH &amp; Co. KG Herr Jens Birkenbeul Auf der Bitze 4 57577 Hamm\/Sieg \u00a0oder: info@birkenbeul.de birkenbeul Seit 1925 ist BIRKENBEUL Spezialist f\u00fcr individuelle L\u00f6sungen auf den Gebieten Elektromaschinenbau und Antriebstechnik. Sollen wir die Tradition gemeinsam fortf\u00fchren? Melden Sie sich an. Das BIRKENBEUL-Team steht Ihnen gerne zur Verf\u00fcgung. [&hellip;]<\/p>\n<\/div><a class=\"more-link\" href=\"https:\/\/birkenbeul.de\/en\/auszubildende-ihk-hwk-im-kaufmaennischen-und-gewerblichen-bereich\/\"><span class=\"continue-reading\">Read More<\/span><\/a>          \n        <\/div><!--article-content-wrap-->\n        \n      <\/div><!--content-inner-->\n      \n    <\/div><!--\/post-content-->\n    \n  <\/div><!--\/inner-wrap-->\n  \n<\/article>     \n     \n<article id=\"post-6889\" class=\"post-6889 post type-post status-publish format-standard hentry category-stellenangebote\">  \n  \n  <div class=\"inner-wrap animated\">\n    \n    <div class=\"post-content classic\">\n      \n      <div class=\"post-author\">\n\n        <span class=\"meta-author\"> <a href=\"https:\/\/birkenbeul.de\/en\/author\/dorian\/\" title=\"Posts by Dorian Schumacher\" rel=\"author\">Dorian Schumacher<\/a><\/span>\n        \n        <span class=\"meta-category\"><span class=\"in\">In <\/span><a class=\"stellenangebote\" href=\"https:\/\/birkenbeul.de\/en\/category\/stellenangebote\/\">Stellenangebote<\/a><\/span>      <\/div><!--\/post-author-->\n      \n      <div class=\"content-inner\">\n\n        <div class=\"article-content-wrap\">\n          \n          <div class=\"post-header\">\n            \n            <h2 class=\"title\"><a href=\"https:\/\/birkenbeul.de\/en\/wir-stellen-ein-produktionsmitarbeiter-m-w-d\/\"> Produktionsmitarbeiter (m\/w\/d)<\/a><\/h2>\n\n          <\/div><!--\/post-header-->\n          \n          <a href=\"https:\/\/birkenbeul.de\/en\/wir-stellen-ein-produktionsmitarbeiter-m-w-d\/\"><span class=\"post-featured-img\"><\/span><\/a><div class=\"excerpt\"><p>Ihre Bewerbung senden Sie bitte an:\u00a0 Robert Birkenbeul GmbH &amp; Co. KG Herr Jens Birkenbeul Auf der Bitze 4 57577 Hamm\/Sieg oder:\u00a0 info@birkenbeul.de\u00a0 birkenbeul Seit 1925 ist BIRKENBEUL Spezialist f\u00fcr individuelle L\u00f6sungen auf den Gebieten Elektromaschinenbau und Antriebstechnik. Sollen wir die Tradition gemeinsam fortf\u00fchren? Melden Sie sich an. Das BIRKENBEUL-Team steht Ihnen gerne zur Verf\u00fcgung. [&hellip;]<\/p>\n<\/div><a class=\"more-link\" href=\"https:\/\/birkenbeul.de\/en\/wir-stellen-ein-produktionsmitarbeiter-m-w-d\/\"><span class=\"continue-reading\">Read More<\/span><\/a>          \n        <\/div><!--article-content-wrap-->\n        \n      <\/div><!--content-inner-->\n      \n    <\/div><!--\/post-content-->\n    \n  <\/div><!--\/inner-wrap-->\n  \n<\/article>    \n    <\/div><!--\/posts container-->\n    \n      \n<\/div><!--\/post area-->\n\n  \n  <div id=\"sidebar\" data-nectar-ss=\"\" class=\"col span_3 col_last\">\n      <\/div><!--\/span_3-->\n \n<\/div>\n\n\n\t\t\t<\/div> \n\t\t<\/div>\n\t<\/div> \n<\/div><\/div>\n","protected":false},"excerpt":{"rendered":"Ihre Bewerbung senden Sie bitte an:\u00a0Robert Birkenbeul GmbH &amp; Co. KGHerr Jens BirkenbeulAuf der Bitze 457577 Hamm\/Siegoder:\u00a0 info@birkenbeul.de\u00a0 birkenbeul Seit 1925 ist BIRKENBEUL Spezialist f\u00fcr individuelle L\u00f6sungen auf den Gebieten [...]","protected":false},"author":1,"featured_media":0,"parent":0,"menu_order":0,"comment_status":"closed","ping_status":"closed","template":"","meta":{"footnotes":""},"class_list":["post-25","page","type-page","status-publish","hentry"],"_links":{"self":[{"href":"https:\/\/birkenbeul.de\/en\/wp-json\/wp\/v2\/pages\/25","targetHints":{"allow":["GET"]}}],"collection":[{"href":"https:\/\/birkenbeul.de\/en\/wp-json\/wp\/v2\/pages"}],"about":[{"href":"https:\/\/birkenbeul.de\/en\/wp-json\/wp\/v2\/types\/page"}],"author":[{"embeddable":true,"href":"https:\/\/birkenbeul.de\/en\/wp-json\/wp\/v2\/users\/1"}],"replies":[{"embeddable":true,"href":"https:\/\/birkenbeul.de\/en\/wp-json\/wp\/v2\/comments?post=25"}],"version-history":[{"count":3,"href":"https:\/\/birkenbeul.de\/en\/wp-json\/wp\/v2\/pages\/25\/revisions"}],"predecessor-version":[{"id":378,"href":"https:\/\/birkenbeul.de\/en\/wp-json\/wp\/v2\/pages\/25\/revisions\/378"}],"wp:attachment":[{"href":"https:\/\/birkenbeul.de\/en\/wp-json\/wp\/v2\/media?parent=25"}],"curies":[{"name":"wp","href":"https:\/\/api.w.org\/{rel}","templated":true}]}}