{"id":29,"date":"2016-07-27T13:00:29","date_gmt":"2016-07-27T11:00:29","guid":{"rendered":"https:\/\/birkenbeul.de\/?page_id=29"},"modified":"2022-10-13T13:00:44","modified_gmt":"2022-10-13T11:00:44","slug":"reparatur","status":"publish","type":"page","link":"https:\/\/birkenbeul.de\/en\/reparatur\/","title":{"rendered":"Reparatur &#038; Service"},"content":{"rendered":"<div id=\"fws_69dce34ade2de\"  data-column-margin=\"default\" data-midnight=\"light\"  class=\"wpb_row vc_row-fluid vc_row full-width-section has-row-bg-color\"  style=\"padding-top: 150px; padding-bottom: 150px; --row-bg-color: #004681;\"><div class=\"row-bg-wrap\" data-bg-animation=\"none\" data-bg-animation-delay=\"\" data-bg-overlay=\"false\"><div class=\"inner-wrap row-bg-layer using-image\" ><div class=\"row-bg viewport-desktop using-image using-bg-color\"  style=\"background-image: url(https:\/\/birkenbeul.de\/wp-content\/uploads\/2016\/07\/header_motor_drahtgitter.png); background-position: center center; background-repeat: no-repeat; background-color: #004681; \"><\/div><\/div><\/div><div class=\"row_col_wrap_12 col span_12 light left\">\n\t<div  class=\"vc_col-sm-12 wpb_column column_container vc_column_container col padding-15-percent\"  data-padding-pos=\"right\" data-has-bg-color=\"false\" data-bg-color=\"\" data-bg-opacity=\"1\" data-animation=\"\" data-delay=\"0\" >\n\t\t<div class=\"vc_column-inner\" >\n\t\t\t<div class=\"wpb_wrapper\">\n\t\t\t\t\n<div class=\"wpb_text_column wpb_content_element \" >\n\t<h1>Reparatur &amp; Service<\/h1>\n<h3>mehr als nur eine Reparaturwerkstatt<\/h3>\n<div class=\"divider-wrap\" data-alignment=\"default\"><div style=\"margin-top: 30px; width: 20%; height: 1px; margin-bottom: 30px;\" data-width=\"20%\" data-animate=\"\" data-animation-delay=\"\" data-color=\"default\" class=\"divider-small-border\"><\/div><\/div>\n<p class=\"lead\">BIRKENBEUL versteht sich als kompetenter Partner in Sachen Reparatur elektrischer Maschinen und Servicedienstleistungen. Ob Instandsetzung im Haus oder Arbeiten vor Ort, unsere geschulten Servicemitarbeiter sind flexibel und bieten jederzeit qualifizierte technische Betreuung.<\/p>\n<\/div>\n\n\n\n\n\t\t\t<\/div> \n\t\t<\/div>\n\t<\/div> \n<\/div><\/div>\n\t\t<div id=\"fws_69dce34adf005\"  data-column-margin=\"default\" data-midnight=\"dark\"  class=\"wpb_row vc_row-fluid vc_row\"  style=\"padding-top: 0px; padding-bottom: 0px; \"><div class=\"row-bg-wrap\" data-bg-animation=\"none\" data-bg-animation-delay=\"\" data-bg-overlay=\"false\"><div class=\"inner-wrap row-bg-layer\" ><div class=\"row-bg viewport-desktop\"  style=\"\"><\/div><\/div><\/div><div class=\"row_col_wrap_12 col span_12 dark left\">\n\t<div  class=\"vc_col-sm-12 wpb_column column_container vc_column_container col no-extra-padding\"  data-padding-pos=\"all\" data-has-bg-color=\"false\" data-bg-color=\"\" data-bg-opacity=\"1\" data-animation=\"\" data-delay=\"0\" >\n\t\t<div class=\"vc_column-inner\" >\n\t\t\t<div class=\"wpb_wrapper\">\n\t\t\t\t<div class=\"divider-wrap\" data-alignment=\"default\"><div style=\"height: 20px;\" class=\"divider\"><\/div><\/div>\n\t\t\t<\/div> \n\t\t<\/div>\n\t<\/div> \n<\/div><\/div>\n\t\t<div id=\"fws_69dce34adf776\"  data-column-margin=\"default\" data-midnight=\"dark\"  class=\"wpb_row vc_row-fluid vc_row\"  style=\"padding-top: 0px; padding-bottom: 0px; \"><div class=\"row-bg-wrap\" data-bg-animation=\"none\" data-bg-animation-delay=\"\" data-bg-overlay=\"false\"><div class=\"inner-wrap row-bg-layer\" ><div class=\"row-bg viewport-desktop\"  style=\"\"><\/div><\/div><\/div><div class=\"row_col_wrap_12 col span_12 dark left\">\n\t<div  class=\"vc_col-sm-6 wpb_column column_container vc_column_container col no-extra-padding\"  data-padding-pos=\"all\" data-has-bg-color=\"false\" data-bg-color=\"\" data-bg-opacity=\"1\" data-animation=\"\" data-delay=\"0\" >\n\t\t<div class=\"vc_column-inner\" >\n\t\t\t<div class=\"wpb_wrapper\">\n\t\t\t\t\n<div class=\"wpb_text_column wpb_content_element \" >\n\t<p>BIRKENBEUL Elektromotoren ist Ihr kompetenter Partner bei der Reparatur von Elektromotoren und elektrischer Ger\u00e4te aller Fabrikate &#8211; und das bereits seit <strong>\u00fcber 90 Jahren<\/strong>, genauer gesagt seit 1926.<\/p>\n<p>Egal ob Neuwicklung, die Behebung von Geh\u00e4usesch\u00e4den oder die Anfertigung neuer Wellen und Lagerschilder &#8211; Ihr Motor l\u00e4uft am Ende wieder wie neu. Wenn Sie das w\u00fcnschen sieht er am Ende sogar aus wie neu.<\/p>\n<p>Sollte eine Reparatur unwirtschaftlich sein, werden wir Ihnen alternativ einen neuen, passenden Motor anbieten &#8211; au\u00dferdem \u00fcbernehmen wir f\u00fcr Sie die kostenlose Entsorgung des Altmotors.<\/p>\n<p>Sie sehen: eine Reparatur bei BIRKENBEUL Elektromotoren ist f\u00fcr Sie absolut unkompliziert &#8211; und so sollte es auch sein. \u00dcbrigens &#8211; sollte es eilen (z.B. 24 Std.-Reparatur) oder Sie haben einfach keine Transportm\u00f6glichkeit &#8211; wir holen und liefern auch mit unserem Fuhrpark an.<\/p>\n<p>F\u00fcr unverzichtbare Antriebe empfehlen wir Ihnen \u00fcbrigens unseren BIRKENBEUL <strong>Wartungsservice<\/strong>, denn\u00a0ein regelm\u00e4\u00dfig \u00fcberpr\u00fcfter und gewarteter Motor f\u00e4llt deutlich seltener aus!<\/p>\n<p style=\"text-align: center;\"><em>Lassen Sie sich von unserer Arbeit \u00fcberzeugen und nutzen Sie unser Kontaktformular am Ende dieser Seite!<\/em><\/p>\n<\/div>\n\n\n\n\n\t\t\t<\/div> \n\t\t<\/div>\n\t<\/div> \n\n\t<div  class=\"vc_col-sm-6 wpb_column column_container vc_column_container col no-extra-padding\"  data-padding-pos=\"all\" data-has-bg-color=\"false\" data-bg-color=\"\" data-bg-opacity=\"1\" data-animation=\"\" data-delay=\"0\" >\n\t\t<div class=\"vc_column-inner\" >\n\t\t\t<div class=\"wpb_wrapper\">\n\t\t\t\t<div class=\"nectar-fancy-ul\" data-list-icon=\"icon-salient-thin-line\" data-animation=\"true\" data-animation-delay=\"5\" data-color=\"accent-color\" data-spacing=\"default\" data-alignment=\"left\"> Wir reparieren, wickeln und warten f\u00fcr Sie nicht nur eigene Produkte,<br \/>\nsondern auch jegliche andere Fabrikate und Ger\u00e4te, wie z.B.:<\/p>\n<div class=\"divider-wrap\" data-alignment=\"default\"><div style=\"margin-top: 10px; width: 20%; height: 1px; margin-bottom: 10px;\" data-width=\"20%\" data-animate=\"\" data-animation-delay=\"\" data-color=\"default\" class=\"divider-small-border\"><\/div><\/div>\n<ul>\n<li>Drehstrommotoren<\/li>\n<li>Wechselstrommotoren<\/li>\n<li>Gleichstrommotoren<\/li>\n<li>Getriebe<\/li>\n<li>Pumpen<\/li>\n<li>Frequenzumrichter<\/li>\n<li>Transformatoren<\/li>\n<li>Drehstromlichtmaschinen<\/li>\n<\/ul>\n<p> <\/div>\n\t\t\t<\/div> \n\t\t<\/div>\n\t<\/div> \n<\/div><\/div>\n\t\t<div id=\"fws_69dce34ae0368\"  data-column-margin=\"default\" data-midnight=\"dark\"  class=\"wpb_row vc_row-fluid vc_row\"  style=\"padding-top: 0px; padding-bottom: 90px; \"><div class=\"row-bg-wrap\" data-bg-animation=\"none\" data-bg-animation-delay=\"\" data-bg-overlay=\"false\"><div class=\"inner-wrap row-bg-layer\" ><div class=\"row-bg viewport-desktop\"  style=\"\"><\/div><\/div><\/div><div class=\"row_col_wrap_12 col span_12 dark left\">\n\t<div  class=\"vc_col-sm-12 wpb_column column_container vc_column_container col centered-text no-extra-padding\"  data-padding-pos=\"all\" data-has-bg-color=\"false\" data-bg-color=\"\" data-bg-opacity=\"1\" data-animation=\"\" data-delay=\"0\" >\n\t\t<div class=\"vc_column-inner\" >\n\t\t\t<div class=\"wpb_wrapper\">\n\t\t\t\t\n<div class=\"wpb_text_column wpb_content_element \" >\n\t<h3>Vorher-\/Nachher-Bild eines reparierten Motors<\/h3>\n<\/div>\n\n\n\n<div class=\"divider-wrap\" data-alignment=\"default\"><div style=\"height: 30px;\" class=\"divider\"><\/div><\/div><div id=\"fws_69dce34ae0a4a\" data-midnight=\"\" data-column-margin=\"default\" class=\"wpb_row vc_row-fluid vc_row inner_row img-comparison\"  style=\"\"><div class=\"row-bg-wrap\"> <div class=\"row-bg\" ><\/div> <\/div><div class=\"row_col_wrap_12_inner col span_12  left\">\n\t<div  class=\"vc_col-sm-12 wpb_column column_container vc_column_container col child_column no-extra-padding\"   data-padding-pos=\"all\" data-has-bg-color=\"false\" data-bg-color=\"\" data-bg-opacity=\"1\" data-animation=\"\" data-delay=\"0\" >\n\t\t<div class=\"vc_column-inner\" >\n\t\t<div class=\"wpb_wrapper\">\n\t\t\t<div class='nectar-image-comparison twentytwenty-container'>\n  <img class='skip-lazy' src='https:\/\/birkenbeul.de\/wp-content\/uploads\/2016\/12\/motor1_vorher4.jpg' alt=''>\n  <img class='skip-lazy' src='https:\/\/birkenbeul.de\/wp-content\/uploads\/2016\/12\/motor1_nachher4_1.jpg' alt=''>\n<\/div>\n\t\t<\/div> \n\t<\/div>\n\t<\/div> \n<\/div><\/div>\n\t\t\t<\/div> \n\t\t<\/div>\n\t<\/div> \n<\/div><\/div>\n\t\t<div id=\"fws_69dce34ae1e2f\"  data-column-margin=\"default\" data-midnight=\"dark\"  class=\"wpb_row vc_row-fluid vc_row\"  style=\"padding-top: 90px; padding-bottom: 60px; \"><div class=\"row-bg-wrap\" data-bg-animation=\"none\" data-bg-animation-delay=\"\" data-bg-overlay=\"false\"><div class=\"inner-wrap row-bg-layer\" ><div class=\"row-bg viewport-desktop\"  style=\"\"><\/div><\/div><\/div><div class=\"row_col_wrap_12 col span_12 dark left\">\n\t<div  class=\"vc_col-sm-12 wpb_column column_container vc_column_container col no-extra-padding\"  data-padding-pos=\"right\" data-has-bg-color=\"false\" data-bg-color=\"\" data-bg-opacity=\"1\" data-animation=\"\" data-delay=\"0\" >\n\t\t<div class=\"vc_column-inner\" >\n\t\t\t<div class=\"wpb_wrapper\">\n\t\t\t\t<div id=\"fws_69dce34ae2406\" data-midnight=\"\" data-column-margin=\"default\" class=\"wpb_row vc_row-fluid vc_row inner_row\"  style=\"padding-bottom: 45px; \"><div class=\"row-bg-wrap\"> <div class=\"row-bg\" ><\/div> <\/div><div class=\"row_col_wrap_12_inner col span_12  left\">\n\t<div  class=\"vc_col-sm-12 wpb_column column_container vc_column_container col child_column no-extra-padding\"   data-padding-pos=\"all\" data-has-bg-color=\"false\" data-bg-color=\"\" data-bg-opacity=\"1\" data-animation=\"\" data-delay=\"0\" >\n\t\t<div class=\"vc_column-inner\" >\n\t\t<div class=\"wpb_wrapper\">\n\t\t\t\n<div class=\"wpb_text_column wpb_content_element  vc_custom_1487230373236 x-large\" >\n\t<h3>Unser Service<\/h3>\n<p>Ob Instandsetzung im Haus oder Arbeiten vor Ort, unsere geschulten Servicemitarbeiter sind flexibel und bieten jederzeit qualifizierte technische Betreuung.<\/p>\n<\/div>\n\n\n\n<div class=\"divider-wrap\" data-alignment=\"default\"><div style=\"height: 30px;\" class=\"divider\"><\/div><\/div>\n\t\t<\/div> \n\t<\/div>\n\t<\/div> \n<\/div><\/div><div id=\"fws_69dce34ae2a06\" data-midnight=\"\" data-column-margin=\"default\" class=\"wpb_row vc_row-fluid vc_row inner_row vc_row-o-equal-height vc_row-flex\"  style=\"\"><div class=\"row-bg-wrap\"> <div class=\"row-bg\" ><\/div> <\/div><div class=\"row_col_wrap_12_inner col span_12  left\">\n\t<div  class=\"vc_col-sm-6 wpb_column column_container vc_column_container col child_column boxed padding-5-percent\"   data-padding-pos=\"all\" data-has-bg-color=\"false\" data-bg-color=\"\" data-bg-opacity=\"1\" data-animation=\"\" data-delay=\"0\" >\n\t\t<div class=\"vc_column-inner\" >\n\t\t<div class=\"wpb_wrapper\">\n\t\t\t<div class=\"nectar-fancy-ul\" data-list-icon=\"icon-salient-thin-line\" data-animation=\"false\" data-animation-delay=\"0\" data-color=\"accent-color\" data-spacing=\"default\" data-alignment=\"left\"> <\/p>\n<h3>vorbeugende Ma\u00dfnahmen<\/h3>\n<div class=\"divider-wrap\" data-alignment=\"default\"><div style=\"height: 15px;\" class=\"divider\"><\/div><\/div>\n<p>Als Service vor Ort bieten wir u. a. folgende Ma\u00dfnahmen zur regelm\u00e4\u00dfigen Kontrolle und \u00dcberwachung elektrischer Maschinen an:<\/p>\n<ul>\n<li>Erfassen von Lagerstr\u00f6men<\/li>\n<li>elektrische Messung der Riemenspannung<\/li>\n<li>Temperatur- und Schallmessung<\/li>\n<li>Laserausrichtung von Motoren<\/li>\n<\/ul>\n<p> <\/div>\n\t\t<\/div> \n\t<\/div>\n\t<\/div> \n\n\t<div  class=\"vc_col-sm-6 wpb_column column_container vc_column_container col child_column boxed padding-5-percent\"   data-padding-pos=\"all\" data-has-bg-color=\"false\" data-bg-color=\"\" data-bg-opacity=\"1\" data-animation=\"\" data-delay=\"0\" >\n\t\t<div class=\"vc_column-inner\" >\n\t\t<div class=\"wpb_wrapper\">\n\t\t\t<div class=\"nectar-fancy-ul\" data-list-icon=\"icon-salient-thin-line\" data-animation=\"false\" data-animation-delay=\"0\" data-color=\"accent-color\" data-spacing=\"default\" data-alignment=\"left\"> <\/p>\n<h3>Beispiele f\u00fcr Einsatzgebiete<\/h3>\n<div class=\"divider-wrap\" data-alignment=\"default\"><div style=\"height: 15px;\" class=\"divider\"><\/div><\/div>\n<ul>\n<li>Werkzeugmaschinen<\/li>\n<li>Holzbearbeitungsmaschinen<\/li>\n<li>F\u00f6rdertechnik<\/li>\n<li>Hydraulikpumpen<\/li>\n<li>Kompressoren<\/li>\n<li>L\u00fcftungstechnik<\/li>\n<li>Kranantriebe<\/li>\n<li>Getriebemotoren<\/li>\n<\/ul>\n<p> <\/div>\n\t\t<\/div> \n\t<\/div>\n\t<\/div> \n<\/div><\/div>\n\t\t\t<\/div> \n\t\t<\/div>\n\t<\/div> \n<\/div><\/div>\n\t\t<div id=\"fws_69dce34ae3592\"  data-column-margin=\"default\" data-midnight=\"dark\"  class=\"wpb_row vc_row-fluid vc_row\"  style=\"padding-top: 0px; padding-bottom: 90px; \"><div class=\"row-bg-wrap\" data-bg-animation=\"none\" data-bg-animation-delay=\"\" data-bg-overlay=\"false\"><div class=\"inner-wrap row-bg-layer\" ><div class=\"row-bg viewport-desktop\"  style=\"\"><\/div><\/div><\/div><div class=\"row_col_wrap_12 col span_12 dark left\">\n\t<div  class=\"vc_col-sm-12 wpb_column column_container vc_column_container col boxed padding-10-percent\"  data-padding-pos=\"all\" data-has-bg-color=\"false\" data-bg-color=\"\" data-bg-opacity=\"1\" data-animation=\"\" data-delay=\"0\" >\n\t\t<div class=\"vc_column-inner\" >\n\t\t\t<div class=\"wpb_wrapper\">\n\t\t\t\t\n<div class=\"wpb_text_column wpb_content_element \" >\n\t<h2>Reparaturanfrage<\/h2>\n<\/div>\n\n\n\n<div class=\"divider-wrap\" data-alignment=\"default\"><div style=\"height: 45px;\" class=\"divider\"><\/div><\/div><div id=\"fws_69dce34ae3c28\" data-midnight=\"\" data-column-margin=\"default\" class=\"wpb_row vc_row-fluid vc_row inner_row\"  style=\"\"><div class=\"row-bg-wrap\"> <div class=\"row-bg\" ><\/div> <\/div><div class=\"row_col_wrap_12_inner col span_12  left\">\n\t<div  class=\"vc_col-sm-8 wpb_column column_container vc_column_container col child_column padding-3-percent\"   data-padding-pos=\"right\" data-has-bg-color=\"false\" data-bg-color=\"\" data-bg-opacity=\"1\" data-animation=\"\" data-delay=\"0\" >\n\t\t<div class=\"vc_column-inner\" >\n\t\t<div class=\"wpb_wrapper\">\n\t\t\t\n<div class=\"wpb_text_column wpb_content_element \" >\n\t<p>Bei St\u00f6rungen an Ihrem Elektromotor sprechen Sie mit unserem Techniker oder beauftragen Sie den Werkskundendienst mit dem Formular, das Sie auf dieser Seite ausf\u00fcllen k\u00f6nnen.<\/p>\n<p>Bitte beachten Sie, dass wir zur Bearbeitung Ihrer Anfrage insbesondere die Ger\u00e4tedaten Bestellnummer (= Identnummer), Herstell-Nr. und Fabrik-Nr. ben\u00f6tigen. Diese Daten finden Sie auf dem Leistungsschild.<\/p>\n<p>Nach Erfassung der Anfrage erhalten Sie eine Anfragebest\u00e4tigung per Mail. Bitte geben Sie daher Ihre E-Mail-Adresse an. Die Terminvereinbarung erfolgt telefonisch unter den von Ihnen genannten Nummern.<\/p>\n<\/div>\n\n\n\n\n\t\t<\/div> \n\t<\/div>\n\t<\/div> \n\n\t<div style=\"\" class=\"vc_col-sm-4 wpb_column column_container vc_column_container col child_column padding-3-percent\"  data-using-bg=\"true\" data-padding-pos=\"all\" data-has-bg-color=\"true\" data-bg-color=\"#eaeaea\" data-bg-opacity=\"1\" data-animation=\"\" data-delay=\"0\" ><div class=\"column-bg-overlay-wrap column-bg-layer\" data-bg-animation=\"none\"><div class=\"column-bg-overlay\" style=\"opacity: 1; background-color: #eaeaea;\"><\/div><\/div>\n\t\t<div class=\"vc_column-inner\" >\n\t\t<div class=\"wpb_wrapper\">\n\t\t\t\n<div class=\"wpb_text_column wpb_content_element  adresse\" >\n\t<h3>Fragen?<\/h3>\n<div class=\"divider-wrap\" data-alignment=\"default\"><div style=\"height: 15px;\" class=\"divider\"><\/div><\/div>\n<p><strong>Adresse:<\/strong><br \/>\nAuf der Bitze 4 , 57577 Hamm\/Sieg<\/p>\n<div class=\"divider-wrap\" data-alignment=\"default\"><div style=\"height: 15px;\" class=\"divider\"><\/div><\/div>\n<p><strong>Telefon:<\/strong><br \/>\n<i class=\"icon-tiny icon-phone accent-color\"><\/i> +49 (0) 2682 709 0<\/p>\n<div class=\"divider-wrap\" data-alignment=\"default\"><div style=\"height: 15px;\" class=\"divider\"><\/div><\/div>\n<p><strong>Telefax:<\/strong><br \/>\n<i class=\"icon-tiny steadysets-icon-printer accent-color\"><\/i> +49 (0) 2682 709 10<\/p>\n<\/div>\n\n\n\n\n\t\t<\/div> \n\t<\/div>\n\t<\/div> \n<\/div><\/div><div class=\"divider-wrap\" data-alignment=\"default\"><div style=\"height: 45px;\" class=\"divider\"><\/div><\/div>\n<div class=\"wpb_text_column wpb_content_element \" >\n\t\n<div class=\"wpcf7 no-js\" id=\"wpcf7-f159-o1\" lang=\"de-DE\" dir=\"ltr\" data-wpcf7-id=\"159\">\n<div class=\"screen-reader-response\"><p role=\"status\" aria-live=\"polite\" aria-atomic=\"true\"><\/p> <ul><\/ul><\/div>\n<form action=\"\/en\/wp-json\/wp\/v2\/pages\/29#wpcf7-f159-o1\" method=\"post\" class=\"wpcf7-form init wpcf7-acceptance-as-validation\" aria-label=\"Kontaktformular\" enctype=\"multipart\/form-data\" novalidate=\"novalidate\" data-status=\"init\">\n<fieldset class=\"hidden-fields-container\"><input type=\"hidden\" name=\"_wpcf7\" value=\"159\" \/><input type=\"hidden\" name=\"_wpcf7_version\" value=\"6.1.5\" \/><input type=\"hidden\" name=\"_wpcf7_locale\" value=\"de_DE\" \/><input type=\"hidden\" name=\"_wpcf7_unit_tag\" value=\"wpcf7-f159-o1\" \/><input type=\"hidden\" name=\"_wpcf7_container_post\" value=\"0\" \/><input type=\"hidden\" name=\"_wpcf7_posted_data_hash\" value=\"\" \/>\n<\/fieldset>\n<div class=\"row\">\n\n  <div class=\"col span_6\">\n    <p>Vorname (*)<br \/>\n    <span class=\"wpcf7-form-control-wrap\" data-name=\"your-vname\"><input size=\"40\" maxlength=\"400\" class=\"wpcf7-form-control wpcf7-text wpcf7-validates-as-required\" aria-required=\"true\" aria-invalid=\"false\" value=\"\" type=\"text\" name=\"your-vname\" \/><\/span> <\/p>\n  <\/div>\n\n  <div class=\"col span_6\">\n   <p>Ihr Nachname (*)<br \/>\n    <span class=\"wpcf7-form-control-wrap\" data-name=\"your-nname\"><input size=\"40\" maxlength=\"400\" class=\"wpcf7-form-control wpcf7-text wpcf7-validates-as-required\" aria-required=\"true\" aria-invalid=\"false\" value=\"\" type=\"text\" name=\"your-nname\" \/><\/span> <\/p>\n  <\/div>\n\n<\/div>\n\n<div class=\"row\">\n\n  <div class=\"col span_6\">\n    <p>E-Mail (*)<br \/>\n    <span class=\"wpcf7-form-control-wrap\" data-name=\"your-email\"><input size=\"40\" maxlength=\"400\" class=\"wpcf7-form-control wpcf7-email wpcf7-validates-as-required wpcf7-text wpcf7-validates-as-email\" aria-required=\"true\" aria-invalid=\"false\" value=\"\" type=\"email\" name=\"your-email\" \/><\/span> <\/p>\n  <\/div>\n\n  <div class=\"col span_6\">\n   <p>Telefon<br \/>\n    <span class=\"wpcf7-form-control-wrap\" data-name=\"your-phone\"><input size=\"40\" maxlength=\"400\" class=\"wpcf7-form-control wpcf7-text\" aria-invalid=\"false\" value=\"\" type=\"text\" name=\"your-phone\" \/><\/span> <\/p>\n  <\/div>\n\n<\/div>\n\n<p>Firma<br \/>\n    <span class=\"wpcf7-form-control-wrap\" data-name=\"your-firma\"><input size=\"40\" maxlength=\"400\" class=\"wpcf7-form-control wpcf7-text\" aria-invalid=\"false\" value=\"\" type=\"text\" name=\"your-firma\" \/><\/span> <\/p>\n\n<div class=\"row\">\n\n  <div class=\"col span_6\">\n    <p>Strasse (*)<br \/>\n    <span class=\"wpcf7-form-control-wrap\" data-name=\"your-strasse\"><input size=\"40\" maxlength=\"400\" class=\"wpcf7-form-control wpcf7-text wpcf7-validates-as-required\" aria-required=\"true\" aria-invalid=\"false\" value=\"\" type=\"text\" name=\"your-strasse\" \/><\/span> <\/p>\n  <\/div>\n\n  <div class=\"col span_2\">\n   <p>PLZ (*)<br \/>\n    <span class=\"wpcf7-form-control-wrap\" data-name=\"your-plz\"><input size=\"40\" maxlength=\"400\" class=\"wpcf7-form-control wpcf7-text wpcf7-validates-as-required\" aria-required=\"true\" aria-invalid=\"false\" value=\"\" type=\"text\" name=\"your-plz\" \/><\/span> <\/p>\n  <\/div>\n\n  <div class=\"col span_4\">\n   <p>Ort (*)<br \/>\n    <span class=\"wpcf7-form-control-wrap\" data-name=\"your-ort\"><input size=\"40\" maxlength=\"400\" class=\"wpcf7-form-control wpcf7-text wpcf7-validates-as-required\" aria-required=\"true\" aria-invalid=\"false\" value=\"\" type=\"text\" name=\"your-ort\" \/><\/span> <\/p>\n  <\/div>\n\n<\/div>\n\n<p>Betreff<br \/>\n    <span class=\"wpcf7-form-control-wrap\" data-name=\"your-subject\"><input size=\"40\" maxlength=\"400\" class=\"wpcf7-form-control wpcf7-text wpcf7-validates-as-required\" aria-required=\"true\" aria-invalid=\"false\" value=\"\" type=\"text\" name=\"your-subject\" \/><\/span> <\/p>\n\n<p>Ihre Nachricht<br \/>\n    <span class=\"wpcf7-form-control-wrap\" data-name=\"your-message\"><textarea cols=\"40\" rows=\"6\" maxlength=\"2000\" class=\"wpcf7-form-control wpcf7-textarea\" aria-invalid=\"false\" name=\"your-message\"><\/textarea><\/span> <\/p>\n\n<p>Abbildung anh\u00e4ngen (max. 3MB Format: pdf|jpg|png|zip)<br \/>\n<span class=\"wpcf7-form-control-wrap\" data-name=\"your-file\"><input size=\"40\" class=\"wpcf7-form-control wpcf7-file\" accept=\".pdf,.jpg,.png,.zip\" aria-invalid=\"false\" type=\"file\" name=\"your-file\" \/><\/span><\/p>\n\n<span class=\"wpcf7-form-control-wrap\" data-name=\"zustimmung\"><span class=\"wpcf7-form-control wpcf7-acceptance\"><span class=\"wpcf7-list-item\"><label><input type=\"checkbox\" name=\"zustimmung\" value=\"1\" aria-invalid=\"false\" \/><span class=\"wpcf7-list-item-label\">Ich bin damit einverstanden, dass meine durch das Erfassungsformular \u00fcbermittelten personenbezogenen Daten zum Zwecke der Bearbeitung meiner Anfrage und ggf. R\u00fcckmeldung an mich gespeichert und verarbeitet werden. Die <a href=\"\/datenschutz\">Datenschutzerkl\u00e4rung<\/a> enth\u00e4lt weitergehende Informationen.<\/span><\/label><\/span><\/span><\/span>\n\n<p class=\"text-center\"><button class=\"wpcf7-form-control wpcf7-submit qodef-button qodef-size--normal qodef-layout--splitted qodef-m\" type=\"submit\"><span class=\"qodef-m-text\">Reparaturanfrage senden<svg class=\"qodef-m-arrowline\" xmlns=\"http:\/\/www.w3.org\/2000\/svg\" xmlns:xlink=\"http:\/\/www.w3.org\/1999\/xlink\" x=\"0px\" y=\"0px\" viewBox=\"0 0 63 20\" xml:space=\"preserve\">\n                            <line x1=\"61.6\" y1=\"10\" x2=\"61.6\" y2=\"10\"\/>\n                            <line x1=\"62\" y1=\"10\" x2=\"61.6\" y2=\"10\"\/>\n                            <line x1=\"61.6\" y1=\"10\" x2=\"1\" y2=\"10\"\/>\n                            <path d=\"M61.6,10\"\/>\n                            <line x1=\"61.6\" y1=\"10\" x2=\"61.6\" y2=\"10\"\/>\n                            <line class=\"arrow-up\" x1=\"56.7\" y1=\"5.1\" x2=\"61.6\" y2=\"10\"\/>\n                            <path d=\"M61.6,10\"\/>\n                            <line x1=\"61.6\" y1=\"10\" x2=\"61.6\" y2=\"10\"\/>\n                            <line class=\"arrow-down\" x1=\"61.6\" y1=\"10\" x2=\"56.7\" y2=\"14.9\"\/>\n                        <\/svg><\/span><span class=\"qodef-m-split qodef-split--up\"><\/span><span class=\"qodef-m-split qodef-split--down\"><\/span><\/button><\/p><div class=\"wpcf7-response-output\" aria-hidden=\"true\"><\/div>\n<\/form>\n<\/div>\n\n<\/div>\n\n\n\n\n\t\t\t<\/div> \n\t\t<\/div>\n\t<\/div> \n<\/div><\/div>\n\t\t<div id=\"fws_69dce34ae9226\"  data-column-margin=\"default\" data-midnight=\"dark\"  class=\"wpb_row vc_row-fluid vc_row full-width-content vc_row-o-equal-height vc_row-flex vc_row-o-content-top\"  style=\"padding-top: 0px; padding-bottom: 0px; \"><div class=\"row-bg-wrap\" data-bg-animation=\"none\" data-bg-animation-delay=\"\" data-bg-overlay=\"false\"><div class=\"inner-wrap row-bg-layer\" ><div class=\"row-bg viewport-desktop\"  style=\"\"><\/div><\/div><\/div><div class=\"row_col_wrap_12 col span_12 dark left\">\n\t<div  class=\"vc_col-sm-12 wpb_column column_container vc_column_container col no-extra-padding\"  data-padding-pos=\"all\" data-has-bg-color=\"false\" data-bg-color=\"\" data-bg-opacity=\"1\" data-animation=\"\" data-delay=\"0\" >\n\t\t<div class=\"vc_column-inner\" >\n\t\t\t<div class=\"wpb_wrapper\">\n\t\t\t\t[templatera id=&#8220;116&#8243;]\n\t\t\t<\/div> \n\t\t<\/div>\n\t<\/div> \n<\/div><\/div>\n","protected":false},"excerpt":{"rendered":"Reparatur &amp; Service mehr als nur eine Reparaturwerkstatt BIRKENBEUL versteht sich als kompetenter Partner in Sachen Reparatur elektrischer Maschinen und Servicedienstleistungen. Ob Instandsetzung im Haus oder Arbeiten vor Ort, unsere [...]","protected":false},"author":1,"featured_media":0,"parent":0,"menu_order":0,"comment_status":"closed","ping_status":"closed","template":"","meta":{"footnotes":""},"class_list":["post-29","page","type-page","status-publish","hentry"],"_links":{"self":[{"href":"https:\/\/birkenbeul.de\/en\/wp-json\/wp\/v2\/pages\/29","targetHints":{"allow":["GET"]}}],"collection":[{"href":"https:\/\/birkenbeul.de\/en\/wp-json\/wp\/v2\/pages"}],"about":[{"href":"https:\/\/birkenbeul.de\/en\/wp-json\/wp\/v2\/types\/page"}],"author":[{"embeddable":true,"href":"https:\/\/birkenbeul.de\/en\/wp-json\/wp\/v2\/users\/1"}],"replies":[{"embeddable":true,"href":"https:\/\/birkenbeul.de\/en\/wp-json\/wp\/v2\/comments?post=29"}],"version-history":[{"count":4,"href":"https:\/\/birkenbeul.de\/en\/wp-json\/wp\/v2\/pages\/29\/revisions"}],"predecessor-version":[{"id":647,"href":"https:\/\/birkenbeul.de\/en\/wp-json\/wp\/v2\/pages\/29\/revisions\/647"}],"wp:attachment":[{"href":"https:\/\/birkenbeul.de\/en\/wp-json\/wp\/v2\/media?parent=29"}],"curies":[{"name":"wp","href":"https:\/\/api.w.org\/{rel}","templated":true}]}}